{"id":23,"date":"2024-03-22T12:33:03","date_gmt":"2024-03-22T12:33:03","guid":{"rendered":"https:\/\/dummy.xtemos.com\/woodmart2\/pills-elementor\/?page_id=23"},"modified":"2025-09-02T18:14:46","modified_gmt":"2025-09-02T18:14:46","slug":"accompagnement","status":"publish","type":"page","link":"https:\/\/intel-co.kawsara-prestige.com\/index.php\/accompagnement\/","title":{"rendered":"Medical Experts"},"content":{"rendered":"\t\t<div data-elementor-type=\"wp-page\" data-elementor-id=\"23\" class=\"elementor elementor-23\">\n\t\t\t\t<div class=\"wd-negative-gap elementor-element elementor-element-d7e5508 e-flex e-con-boxed e-con e-parent\" data-id=\"d7e5508\" data-element_type=\"container\">\n\t\t\t\t\t<div class=\"e-con-inner\">\n\t\t<div class=\"elementor-element elementor-element-e2fbbcd e-con-full  wd-sticky-container-yes wd-sticky-offset-150 e-flex e-con e-child\" data-id=\"e2fbbcd\" data-element_type=\"container\">\n\t\t\t\t<div class=\"elementor-element elementor-element-ed9223b wd-width-100 elementor-widget elementor-widget-wd_title\" data-id=\"ed9223b\" data-element_type=\"widget\" data-widget_type=\"wd_title.default\">\n\t\t\t\t<div class=\"elementor-widget-container\">\n\t\t\t\t\t\t\t<div class=\"title-wrapper set-mb-s reset-last-child wd-title-color-default wd-title-style-default wd-title-size-default text-left\">\n\n\t\t\t\n\t\t\t<div class=\"liner-continer\">\n\t\t\t\t<h4 class=\"woodmart-title-container title wd-fontsize-l wd-underline-colored\">L\u2019externalisation de la mission <u>QHSE<\/u> <\/h4> \n\t\t\t\t\t\t\t<\/div>\n\n\t\t\t\t\t\t\t<div class=\"title-after_title set-cont-mb-s reset-last-child wd-fontsize-xs\">\n\t\t\t\t\t<p>Optez pour l\u2019Externalisation QSE avec QHSE Concept et profitez de nombreux avantages :<\/p>\t\t\t\t<\/div>\n\t\t\t\t\t<\/div>\n\t\t\t\t\t\t<\/div>\n\t\t\t\t<\/div>\n\t\t<div class=\"elementor-element elementor-element-9d28132 e-con-full e-flex e-con e-child\" data-id=\"9d28132\" data-element_type=\"container\" data-settings=\"{&quot;background_background&quot;:&quot;classic&quot;}\">\n\t\t\t\t<div class=\"elementor-element elementor-element-7e50fbb elementor-widget__width-initial elementor-widget elementor-widget-wd_list\" data-id=\"7e50fbb\" data-element_type=\"widget\" data-widget_type=\"wd_list.default\">\n\t\t\t\t<div class=\"elementor-widget-container\">\n\t\t\t\t\t\t\t<ul class=\"wd-list color-scheme-custom wd-fontsize-s wd-list-type-image wd-list-style- wd-justify-left\">\n\t\t\t\t\t\t\t\t\t\t\t<li class=\"elementor-repeater-item-736f0a5\">\n\t\t\t\t\t\t\t\t\t\t\t<img decoding=\"async\"  src=\"https:\/\/intel-co.kawsara-prestige.com\/wp-content\/uploads\/2024\/03\/wd-pills-dots.svg\" title=\"wd-pills-dots\" width=\"10\" height=\"10\">\t\t\t\t\t\n\t\t\t\t\t<span class=\"list-content\">\n\t\t\t\t\t\tExpertise accessible\t\t\t\t\t<\/span>\n\n\t\t\t\t\t\t\t\t\t<\/li>\n\t\t\t\t\t\t\t\t\t\t\t<li class=\"elementor-repeater-item-4610d29\">\n\t\t\t\t\t\t\t\t\t\t\t<img decoding=\"async\"  src=\"https:\/\/intel-co.kawsara-prestige.com\/wp-content\/uploads\/2024\/03\/wd-pills-dots.svg\" title=\"wd-pills-dots\" width=\"10\" height=\"10\">\t\t\t\t\t\n\t\t\t\t\t<span class=\"list-content\">\n\t\t\t\t\t\t\u00c9conomies r\u00e9alis\u00e9es\t\t\t\t\t<\/span>\n\n\t\t\t\t\t\t\t\t\t<\/li>\n\t\t\t\t\t\t\t\t\t\t\t<li class=\"elementor-repeater-item-f38d7b8\">\n\t\t\t\t\t\t\t\t\t\t\t<img decoding=\"async\"  src=\"https:\/\/intel-co.kawsara-prestige.com\/wp-content\/uploads\/2024\/03\/wd-pills-dots.svg\" title=\"wd-pills-dots\" width=\"10\" height=\"10\">\t\t\t\t\t\n\t\t\t\t\t<span class=\"list-content\">\n\t\t\t\t\t\tFlexibilit\u00e9\t\t\t\t\t<\/span>\n\n\t\t\t\t\t\t\t\t\t<\/li>\n\t\t\t\t\t\t\t\t\t\t\t<li class=\"elementor-repeater-item-eb12d10\">\n\t\t\t\t\t\t\t\t\t\t\t<img decoding=\"async\"  src=\"https:\/\/intel-co.kawsara-prestige.com\/wp-content\/uploads\/2024\/03\/wd-pills-dots.svg\" title=\"wd-pills-dots\" width=\"10\" height=\"10\">\t\t\t\t\t\n\t\t\t\t\t<span class=\"list-content\">\n\t\t\t\t\t\tConcentrez vous sur votre m\u00e9tier\t\t\t\t\t<\/span>\n\n\t\t\t\t\t\t\t\t\t<\/li>\n\t\t\t\t\t<\/ul>\n\n\t\t\t\t\t\t<\/div>\n\t\t\t\t<\/div>\n\t\t\t\t<div class=\"elementor-element elementor-element-e24210c elementor-widget__width-initial elementor-widget elementor-widget-wd_list\" data-id=\"e24210c\" data-element_type=\"widget\" data-widget_type=\"wd_list.default\">\n\t\t\t\t<div class=\"elementor-widget-container\">\n\t\t\t\t\t\t\t<ul class=\"wd-list color-scheme-custom wd-fontsize-s wd-list-type-image wd-list-style- wd-justify-left\">\n\t\t\t\t\t\t\t\t\t\t\t<li class=\"elementor-repeater-item-736f0a5\">\n\t\t\t\t\t\t\t\t\t\t\t<img decoding=\"async\"  src=\"https:\/\/intel-co.kawsara-prestige.com\/wp-content\/uploads\/2024\/03\/wd-pills-dots.svg\" title=\"wd-pills-dots\" width=\"10\" height=\"10\">\t\t\t\t\t\n\t\t\t\t\t<span class=\"list-content\">\n\t\t\t\t\t\tAdaptabilit\u00e9\t\t\t\t\t<\/span>\n\n\t\t\t\t\t\t\t\t\t<\/li>\n\t\t\t\t\t\t\t\t\t\t\t<li class=\"elementor-repeater-item-4610d29\">\n\t\t\t\t\t\t\t\t\t\t\t<img decoding=\"async\"  src=\"https:\/\/intel-co.kawsara-prestige.com\/wp-content\/uploads\/2024\/03\/wd-pills-dots.svg\" title=\"wd-pills-dots\" width=\"10\" height=\"10\">\t\t\t\t\t\n\t\t\t\t\t<span class=\"list-content\">\n\t\t\t\t\t\tAm\u00e9lioration de la qualit\u00e9\t\t\t\t\t<\/span>\n\n\t\t\t\t\t\t\t\t\t<\/li>\n\t\t\t\t\t\t\t\t\t\t\t<li class=\"elementor-repeater-item-f38d7b8\">\n\t\t\t\t\t\t\t\t\t\t\t<img decoding=\"async\"  src=\"https:\/\/intel-co.kawsara-prestige.com\/wp-content\/uploads\/2024\/03\/wd-pills-dots.svg\" title=\"wd-pills-dots\" width=\"10\" height=\"10\">\t\t\t\t\t\n\t\t\t\t\t<span class=\"list-content\">\n\t\t\t\t\t\tR\u00e9duction des risques\t\t\t\t\t<\/span>\n\n\t\t\t\t\t\t\t\t\t<\/li>\n\t\t\t\t\t\t\t\t\t\t\t<li class=\"elementor-repeater-item-eb12d10\">\n\t\t\t\t\t\t\t\t\t\t\t<img decoding=\"async\"  src=\"https:\/\/intel-co.kawsara-prestige.com\/wp-content\/uploads\/2024\/03\/wd-pills-dots.svg\" title=\"wd-pills-dots\" width=\"10\" height=\"10\">\t\t\t\t\t\n\t\t\t\t\t<span class=\"list-content\">\n\t\t\t\t\t\tDur\u00e9e flexible\t\t\t\t\t<\/span>\n\n\t\t\t\t\t\t\t\t\t<\/li>\n\t\t\t\t\t<\/ul>\n\n\t\t\t\t\t\t<\/div>\n\t\t\t\t<\/div>\n\t\t\t\t<\/div>\n\t\t\t\t<div class=\"elementor-element elementor-element-535790e elementor-widget elementor-widget-wd_button\" data-id=\"535790e\" data-element_type=\"widget\" data-widget_type=\"wd_button.default\">\n\t\t\t\t<div class=\"elementor-widget-container\">\n\t\t\t\t\t\t\t<div class=\"wd-button-wrapper text-left\" >\n\t\t\t<a class=\"btn btn-style-default btn-style-round btn-size-default btn-color-primary btn-icon-pos-right\"  href=\"https:\/\/intel-co.kawsara-prestige.com\/index.php\/contact-us\/\">\n\t\t\t\t<span class=\"wd-btn-text\" data-elementor-setting-key=\"text\">\n\t\t\t\t\tContactez-nous\t\t\t\t<\/span>\n\n\t\t\t\t\t\t\t<\/a>\n\t\t<\/div>\n\t\t\t\t\t\t<\/div>\n\t\t\t\t<\/div>\n\t\t\t\t<\/div>\n\t\t<div class=\"elementor-element elementor-element-6f58927 e-con-full e-flex e-con e-child\" data-id=\"6f58927\" data-element_type=\"container\">\n\t\t\t\t<div class=\"elementor-element elementor-element-91a88ba wd-width-100 elementor-widget elementor-widget-wd_images_gallery\" data-id=\"91a88ba\" data-element_type=\"widget\" data-widget_type=\"wd_images_gallery.default\">\n\t\t\t\t<div class=\"elementor-widget-container\">\n\t\t\t\t\t\t\t<div class=\"wd-images-gallery photoswipe-images\" style=\"--wd-align-items:center; --wd-justify-content:center;\">\n\t\t\t\t\t\t<div class=\"wd-grid-g\" style=\"--wd-col-lg:2;--wd-col-md:2;--wd-col-sm:1;--wd-gap-lg:20px;--wd-gap-sm:10px;\" >\n\t\t\t\t\t\t\t\t\t\t\t\t\t\t\t\t\t\t<div class=\"wd-gallery-item wd-col\">\n\t\t\t\t\t\t\t\t\t\t\t\t\t<a  href=\"https:\/\/intel-co.kawsara-prestige.com\/wp-content\/uploads\/2024\/03\/ChatGPT-Image-18-aout-2025-13_21_17.png\"data-width=\"1024\" data-height=\"1536\" data-index=\"1\" data-elementor-open-lightbox=\"no\">\n\t\t\t\t\t\t\n\t\t\t\t\t\t<img decoding=\"async\" src=\"https:\/\/intel-co.kawsara-prestige.com\/wp-content\/uploads\/2024\/03\/ChatGPT-Image-18-aout-2025-13_21_17.png\"alt=\"ChatGPT Image 18 ao\u00fbt 2025, 13_21_17\">\n\t\t\t\t\t\t\t\t\t\t\t\t\t<\/a>\n\t\t\t\t\t\t\t\t\t\t\t<\/div>\n\t\t\t\t\t\t\t\t\t\t\t\t\t\t\t<div class=\"wd-gallery-item wd-col\">\n\t\t\t\t\t\t\t\t\t\t\t\t\t<a  href=\"https:\/\/intel-co.kawsara-prestige.com\/wp-content\/uploads\/2025\/08\/Adobe-Express-file-26.jpg\"data-width=\"830\" data-height=\"1080\" data-index=\"2\" data-elementor-open-lightbox=\"no\">\n\t\t\t\t\t\t\n\t\t\t\t\t\t<img decoding=\"async\" src=\"https:\/\/intel-co.kawsara-prestige.com\/wp-content\/uploads\/2025\/08\/Adobe-Express-file-26.jpg\"alt=\"Adobe Express - file (26)\">\n\t\t\t\t\t\t\t\t\t\t\t\t\t<\/a>\n\t\t\t\t\t\t\t\t\t\t\t<\/div>\n\t\t\t\t\t\t\t\t\t\t\t\t\t\t\t<div class=\"wd-gallery-item wd-col\">\n\t\t\t\t\t\t\t\t\t\t\t\t\t<a  href=\"https:\/\/intel-co.kawsara-prestige.com\/wp-content\/uploads\/2025\/08\/Adobe-Express-file-25.jpg\"data-width=\"830\" data-height=\"1080\" data-index=\"3\" data-elementor-open-lightbox=\"no\">\n\t\t\t\t\t\t\n\t\t\t\t\t\t<img decoding=\"async\" src=\"https:\/\/intel-co.kawsara-prestige.com\/wp-content\/uploads\/2025\/08\/Adobe-Express-file-25.jpg\"alt=\"Adobe Express - file (25)\">\n\t\t\t\t\t\t\t\t\t\t\t\t\t<\/a>\n\t\t\t\t\t\t\t\t\t\t\t<\/div>\n\t\t\t\t\t\t\t\t\t\t\t\t\t\t\t<div class=\"wd-gallery-item wd-col\">\n\t\t\t\t\t\t\t\t\t\t\t\t\t<a  href=\"https:\/\/intel-co.kawsara-prestige.com\/wp-content\/uploads\/2025\/08\/Adobe-Express-file-24.jpg\"data-width=\"830\" data-height=\"1080\" data-index=\"4\" data-elementor-open-lightbox=\"no\">\n\t\t\t\t\t\t\n\t\t\t\t\t\t<img decoding=\"async\" src=\"https:\/\/intel-co.kawsara-prestige.com\/wp-content\/uploads\/2025\/08\/Adobe-Express-file-24.jpg\"alt=\"Adobe Express - file (24)\">\n\t\t\t\t\t\t\t\t\t\t\t\t\t<\/a>\n\t\t\t\t\t\t\t\t\t\t\t<\/div>\n\t\t\t\t\t\t\t\t\t\t\t\t\t<\/div>\n\t\t\t\t\t<\/div>\n\t\t\t\t\t\t<\/div>\n\t\t\t\t<\/div>\n\t\t\t\t<\/div>\n\t\t\t\t\t<\/div>\n\t\t\t\t<\/div>\n\t\t\t\t<\/div>\n\t\t","protected":false},"excerpt":{"rendered":"<p>L\u2019externalisation de la mission QHSE Optez pour l\u2019Externalisation QSE avec QHSE Concept et profitez de nombreux avantages : Expertise accessible<\/p>\n","protected":false},"author":1,"featured_media":0,"parent":0,"menu_order":0,"comment_status":"closed","ping_status":"closed","template":"","meta":{"footnotes":""},"class_list":["post-23","page","type-page","status-publish","hentry"],"_links":{"self":[{"href":"https:\/\/intel-co.kawsara-prestige.com\/index.php\/wp-json\/wp\/v2\/pages\/23","targetHints":{"allow":["GET"]}}],"collection":[{"href":"https:\/\/intel-co.kawsara-prestige.com\/index.php\/wp-json\/wp\/v2\/pages"}],"about":[{"href":"https:\/\/intel-co.kawsara-prestige.com\/index.php\/wp-json\/wp\/v2\/types\/page"}],"author":[{"embeddable":true,"href":"https:\/\/intel-co.kawsara-prestige.com\/index.php\/wp-json\/wp\/v2\/users\/1"}],"replies":[{"embeddable":true,"href":"https:\/\/intel-co.kawsara-prestige.com\/index.php\/wp-json\/wp\/v2\/comments?post=23"}],"version-history":[{"count":10,"href":"https:\/\/intel-co.kawsara-prestige.com\/index.php\/wp-json\/wp\/v2\/pages\/23\/revisions"}],"predecessor-version":[{"id":1308,"href":"https:\/\/intel-co.kawsara-prestige.com\/index.php\/wp-json\/wp\/v2\/pages\/23\/revisions\/1308"}],"wp:attachment":[{"href":"https:\/\/intel-co.kawsara-prestige.com\/index.php\/wp-json\/wp\/v2\/media?parent=23"}],"curies":[{"name":"wp","href":"https:\/\/api.w.org\/{rel}","templated":true}]}}