{"id":1242,"date":"2025-08-30T16:52:00","date_gmt":"2025-08-30T16:52:00","guid":{"rendered":"https:\/\/intel-co.kawsara-prestige.com\/?post_type=product&#038;p=1242"},"modified":"2025-09-25T16:28:21","modified_gmt":"2025-09-25T16:28:21","slug":"iso-9001v2015-systeme-de-management-de-la-qualite","status":"publish","type":"product","link":"https:\/\/intel-co.kawsara-prestige.com\/index.php\/product\/iso-9001v2015-systeme-de-management-de-la-qualite\/","title":{"rendered":"ISO 9001V2015 SYSTEME DE MANAGEMENT DE LA QUALITE"},"content":{"rendered":"<p>La Qualit\u00e9 devient une opportunit\u00e9.<\/p>\n<p>Un syst\u00e8me de Management de la Qualit\u00e9 chez QHSE Concept vous aide \u00e0 \u00e9couter, arbitrer et contr\u00f4ler efficacement. Cela signifie identifier et g\u00e9rer les risques de votre entreprise pour adopter une strat\u00e9gie proactive et pragmatique.<\/p>\n<p>Pour r\u00e9pondre aux besoins divers des clients, nous naviguons \u00e0 travers de nombreux r\u00e9f\u00e9rentiels sectoriels, r\u00e9pondant \u00e0 des exigences sp\u00e9cifiques mais aussi complexes dans leurs interpr\u00e9tation et application. C\u2019est l\u00e0 que QHSE Concept vous vient en aide.<\/p>\n<p>Nous vous offrons des solutions sur mesure pour g\u00e9rer tout ou partie de votre d\u00e9marche qualit\u00e9, qu\u2019elle soit normative ou r\u00e9glementaire. Nos consultants proposent des audits personnalis\u00e9s, du conseil et des formations adapt\u00e9s \u00e0 vos besoins uniques, simplifiant ainsi la gestion de la qualit\u00e9 dans votre entreprise. Contactez-nous pour \u00e9tablir un \u00e9tat des lieux ensemble de ce que nous pouvons faire pour vous.<\/p>\n","protected":false},"excerpt":{"rendered":"<p>La Qualit\u00e9 devient une opportunit\u00e9. Un syst\u00e8me de Management de la Qualit\u00e9 chez QHSE Concept vous aide \u00e0 \u00e9couter, arbitrer<\/p>\n","protected":false},"featured_media":1176,"comment_status":"open","ping_status":"closed","template":"","meta":[],"product_brand":[],"product_cat":[69],"product_tag":[],"class_list":{"0":"post-1242","1":"product","2":"type-product","3":"status-publish","4":"has-post-thumbnail","6":"product_cat-qualite-2","8":"first","9":"instock","10":"downloadable","11":"virtual","12":"sold-individually","13":"purchasable","14":"product-type-simple"},"_links":{"self":[{"href":"https:\/\/intel-co.kawsara-prestige.com\/index.php\/wp-json\/wp\/v2\/product\/1242","targetHints":{"allow":["GET"]}}],"collection":[{"href":"https:\/\/intel-co.kawsara-prestige.com\/index.php\/wp-json\/wp\/v2\/product"}],"about":[{"href":"https:\/\/intel-co.kawsara-prestige.com\/index.php\/wp-json\/wp\/v2\/types\/product"}],"replies":[{"embeddable":true,"href":"https:\/\/intel-co.kawsara-prestige.com\/index.php\/wp-json\/wp\/v2\/comments?post=1242"}],"version-history":[{"count":1,"href":"https:\/\/intel-co.kawsara-prestige.com\/index.php\/wp-json\/wp\/v2\/product\/1242\/revisions"}],"predecessor-version":[{"id":1247,"href":"https:\/\/intel-co.kawsara-prestige.com\/index.php\/wp-json\/wp\/v2\/product\/1242\/revisions\/1247"}],"wp:featuredmedia":[{"embeddable":true,"href":"https:\/\/intel-co.kawsara-prestige.com\/index.php\/wp-json\/wp\/v2\/media\/1176"}],"wp:attachment":[{"href":"https:\/\/intel-co.kawsara-prestige.com\/index.php\/wp-json\/wp\/v2\/media?parent=1242"}],"wp:term":[{"taxonomy":"product_brand","embeddable":true,"href":"https:\/\/intel-co.kawsara-prestige.com\/index.php\/wp-json\/wp\/v2\/product_brand?post=1242"},{"taxonomy":"product_cat","embeddable":true,"href":"https:\/\/intel-co.kawsara-prestige.com\/index.php\/wp-json\/wp\/v2\/product_cat?post=1242"},{"taxonomy":"product_tag","embeddable":true,"href":"https:\/\/intel-co.kawsara-prestige.com\/index.php\/wp-json\/wp\/v2\/product_tag?post=1242"}],"curies":[{"name":"wp","href":"https:\/\/api.w.org\/{rel}","templated":true}]}}