{"id":1248,"date":"2025-08-31T17:02:05","date_gmt":"2025-08-31T17:02:05","guid":{"rendered":"https:\/\/intel-co.kawsara-prestige.com\/?post_type=product&#038;p=1248"},"modified":"2025-09-25T16:28:12","modified_gmt":"2025-09-25T16:28:12","slug":"iso-14001v2015-systeme-de-management-de-lenvironnement","status":"publish","type":"product","link":"https:\/\/intel-co.kawsara-prestige.com\/index.php\/product\/iso-14001v2015-systeme-de-management-de-lenvironnement\/","title":{"rendered":"ISO 14001V2015. SYSTEME DE MANAGEMENT DE L&rsquo;ENVIRONNEMENT"},"content":{"rendered":"<p>L\u2019environnement : cl\u00e9 de la performance durable<\/p>\n<p>Les priorit\u00e9s des investisseurs ont \u00e9volu\u00e9 au-del\u00e0 de la simple capacit\u00e9 de production pour embrasser la Responsabilit\u00e9 Sociale des Entreprises (RSE) et le d\u00e9veloppement durable. Les attentes croissantes des consommateurs et des march\u00e9s, ainsi que l\u2019int\u00e9gration du d\u00e9veloppement durable, font des audits environnementaux et RSE un \u00e9l\u00e9ment cl\u00e9 de l\u2019offre d\u2019entreprise.<\/p>\n<p>Aujourd\u2019hui, une entreprise doit non seulement se concentrer sur sa rentabilit\u00e9 et sa croissance, mais aussi prendre en compte ses impacts environnementaux et sa responsabilit\u00e9 soci\u00e9tale, pouss\u00e9e par la l\u00e9gislation europ\u00e9enne et fran\u00e7aise, ainsi que par la demande des partenaires et clients engag\u00e9s dans le d\u00e9veloppement durable.<\/p>\n<p>Kawsara Consulting accompagne les entreprises priv\u00e9es, les industriels, les commer\u00e7ants, les artisans, ainsi que les institutions publiques et collectivit\u00e9s, dans l\u2019adoption des meilleures pratiques.<\/p>\n<p>Nos consultants QHSE vous proposent des solutions personnalis\u00e9es, vous aidant \u00e0 obtenir des b\u00e9n\u00e9fices tangibles de votre d\u00e9marche :<\/p>\n<p>Relever des d\u00e9fis environnementaux et sociaux internationaux ;<br \/>\nR\u00e9pondre aux enjeux locaux et satisfaire les attentes croissantes des consommateurs en mati\u00e8re de responsabilit\u00e9 soci\u00e9tale ;<br \/>\nMa\u00eetriser vos consommations ;<br \/>\nMotiver votre personnel ;<br \/>\nAm\u00e9liorer votre comp\u00e9titivit\u00e9.<br \/>\nChez Kawsara Consulting, nous vous offrons des solutions compl\u00e8tes pour g\u00e9rer toute votre d\u00e9marche environnementale et RSE.<\/p>\n","protected":false},"excerpt":{"rendered":"<p>L\u2019environnement : cl\u00e9 de la performance durable Les priorit\u00e9s des investisseurs ont \u00e9volu\u00e9 au-del\u00e0 de la simple capacit\u00e9 de production<\/p>\n","protected":false},"featured_media":1251,"comment_status":"open","ping_status":"closed","template":"","meta":[],"product_brand":[],"product_cat":[66],"product_tag":[],"class_list":{"0":"post-1248","1":"product","2":"type-product","3":"status-publish","4":"has-post-thumbnail","6":"product_cat-environnement-2","8":"first","9":"instock","10":"downloadable","11":"virtual","12":"sold-individually","13":"purchasable","14":"product-type-simple"},"_links":{"self":[{"href":"https:\/\/intel-co.kawsara-prestige.com\/index.php\/wp-json\/wp\/v2\/product\/1248","targetHints":{"allow":["GET"]}}],"collection":[{"href":"https:\/\/intel-co.kawsara-prestige.com\/index.php\/wp-json\/wp\/v2\/product"}],"about":[{"href":"https:\/\/intel-co.kawsara-prestige.com\/index.php\/wp-json\/wp\/v2\/types\/product"}],"replies":[{"embeddable":true,"href":"https:\/\/intel-co.kawsara-prestige.com\/index.php\/wp-json\/wp\/v2\/comments?post=1248"}],"version-history":[{"count":1,"href":"https:\/\/intel-co.kawsara-prestige.com\/index.php\/wp-json\/wp\/v2\/product\/1248\/revisions"}],"predecessor-version":[{"id":1250,"href":"https:\/\/intel-co.kawsara-prestige.com\/index.php\/wp-json\/wp\/v2\/product\/1248\/revisions\/1250"}],"wp:featuredmedia":[{"embeddable":true,"href":"https:\/\/intel-co.kawsara-prestige.com\/index.php\/wp-json\/wp\/v2\/media\/1251"}],"wp:attachment":[{"href":"https:\/\/intel-co.kawsara-prestige.com\/index.php\/wp-json\/wp\/v2\/media?parent=1248"}],"wp:term":[{"taxonomy":"product_brand","embeddable":true,"href":"https:\/\/intel-co.kawsara-prestige.com\/index.php\/wp-json\/wp\/v2\/product_brand?post=1248"},{"taxonomy":"product_cat","embeddable":true,"href":"https:\/\/intel-co.kawsara-prestige.com\/index.php\/wp-json\/wp\/v2\/product_cat?post=1248"},{"taxonomy":"product_tag","embeddable":true,"href":"https:\/\/intel-co.kawsara-prestige.com\/index.php\/wp-json\/wp\/v2\/product_tag?post=1248"}],"curies":[{"name":"wp","href":"https:\/\/api.w.org\/{rel}","templated":true}]}}