{"id":1256,"date":"2025-08-31T17:35:36","date_gmt":"2025-08-31T17:35:36","guid":{"rendered":"https:\/\/intel-co.kawsara-prestige.com\/?post_type=product&#038;p=1256"},"modified":"2025-09-25T16:27:58","modified_gmt":"2025-09-25T16:27:58","slug":"iso-45001v2018-systeme-de-management-de-la-sante-et-securite-au-travail","status":"publish","type":"product","link":"https:\/\/intel-co.kawsara-prestige.com\/index.php\/product\/iso-45001v2018-systeme-de-management-de-la-sante-et-securite-au-travail\/","title":{"rendered":"ISO 45001V2018. SYSTEME DE MANAGEMENT DE LA SANTE ET SECURITE AU TRAVAIL"},"content":{"rendered":"<h1 data-start=\"270\" data-end=\"296\">\ud83c\udf0d <strong data-start=\"275\" data-end=\"294\">ISO 45001 v2018<\/strong><\/h1>\n<h2 data-start=\"297\" data-end=\"366\"><em data-start=\"300\" data-end=\"366\">Syst\u00e8me de Management de la Sant\u00e9 et S\u00e9curit\u00e9 au Travail (SMSST)<\/em><\/h2>\n<hr data-start=\"368\" data-end=\"371\" \/>\n<h2 data-start=\"373\" data-end=\"404\">\ud83c\udfaf <strong data-start=\"379\" data-end=\"404\">Objectifs de la norme<\/strong><\/h2>\n<ul data-start=\"405\" data-end=\"655\">\n<li data-start=\"405\" data-end=\"505\">\n<p data-start=\"407\" data-end=\"505\">Fournir un <strong data-start=\"418\" data-end=\"441\">cadre international<\/strong> pour am\u00e9liorer la s\u00e9curit\u00e9 et r\u00e9duire les risques au travail.<\/p>\n<\/li>\n<li data-start=\"506\" data-end=\"586\">\n<p data-start=\"508\" data-end=\"586\">Pr\u00e9venir les accidents, maladies professionnelles et situations dangereuses.<\/p>\n<\/li>\n<li data-start=\"587\" data-end=\"655\">\n<p data-start=\"589\" data-end=\"655\">Favoriser un <strong data-start=\"602\" data-end=\"642\">environnement de travail s\u00fbr et sain<\/strong> pour tous.<\/p>\n<\/li>\n<\/ul>\n<hr data-start=\"657\" data-end=\"660\" \/>\n<h2 data-start=\"662\" data-end=\"686\">\ud83d\udd11 <strong data-start=\"668\" data-end=\"686\">Principes cl\u00e9s<\/strong><\/h2>\n<ol data-start=\"687\" data-end=\"981\">\n<li data-start=\"687\" data-end=\"737\">\n<p data-start=\"690\" data-end=\"737\"><strong data-start=\"690\" data-end=\"720\">Engagement de la direction<\/strong> et leadership.<\/p>\n<\/li>\n<li data-start=\"738\" data-end=\"836\">\n<p data-start=\"741\" data-end=\"836\"><strong data-start=\"741\" data-end=\"775\">Participation des travailleurs<\/strong> dans l\u2019identification des dangers et la prise de d\u00e9cision.<\/p>\n<\/li>\n<li data-start=\"837\" data-end=\"893\">\n<p data-start=\"840\" data-end=\"893\"><strong data-start=\"840\" data-end=\"890\">Approche bas\u00e9e sur les risques et opportunit\u00e9s<\/strong>.<\/p>\n<\/li>\n<li data-start=\"894\" data-end=\"936\">\n<p data-start=\"897\" data-end=\"936\"><strong data-start=\"897\" data-end=\"922\">Am\u00e9lioration continue<\/strong> du syst\u00e8me.<\/p>\n<\/li>\n<li data-start=\"937\" data-end=\"981\">\n<p data-start=\"940\" data-end=\"981\"><strong data-start=\"940\" data-end=\"978\">Conformit\u00e9 l\u00e9gale et r\u00e9glementaire<\/strong>.<\/p>\n<\/li>\n<\/ol>\n<hr data-start=\"983\" data-end=\"986\" \/>\n<h2 data-start=\"988\" data-end=\"1049\">\ud83c\udfd7\ufe0f <strong data-start=\"995\" data-end=\"1049\">Structure de la norme (HLS \u2013 High Level Structure)<\/strong><\/h2>\n<ol data-start=\"1050\" data-end=\"1439\">\n<li data-start=\"1050\" data-end=\"1078\">\n<p data-start=\"1053\" data-end=\"1078\">Contexte de l\u2019organisme<\/p>\n<\/li>\n<li data-start=\"1079\" data-end=\"1128\">\n<p data-start=\"1082\" data-end=\"1128\">Leadership et participation des travailleurs<\/p>\n<\/li>\n<li data-start=\"1129\" data-end=\"1147\">\n<p data-start=\"1132\" data-end=\"1147\">Planification<\/p>\n<\/li>\n<li data-start=\"1148\" data-end=\"1216\">\n<p data-start=\"1151\" data-end=\"1216\">Support (ressources, comp\u00e9tences, communication, documentation)<\/p>\n<\/li>\n<li data-start=\"1217\" data-end=\"1308\">\n<p data-start=\"1220\" data-end=\"1308\">Op\u00e9rations (identification des dangers, ma\u00eetrise des risques, gestion des changements)<\/p>\n<\/li>\n<li data-start=\"1309\" data-end=\"1375\">\n<p data-start=\"1312\" data-end=\"1375\">\u00c9valuation des performances (audits, indicateurs, conformit\u00e9)<\/p>\n<\/li>\n<li data-start=\"1376\" data-end=\"1439\">\n<p data-start=\"1379\" data-end=\"1439\">Am\u00e9lioration (actions correctives, pr\u00e9vention, innovation)<\/p>\n<\/li>\n<\/ol>\n<hr data-start=\"1441\" data-end=\"1444\" \/>\n<h2 data-start=\"1446\" data-end=\"1482\">\u2705 <strong data-start=\"1451\" data-end=\"1482\">B\u00e9n\u00e9fices pour l\u2019entreprise<\/strong><\/h2>\n<ul data-start=\"1483\" data-end=\"1774\">\n<li data-start=\"1483\" data-end=\"1544\">\n<p data-start=\"1485\" data-end=\"1544\">R\u00e9duction des <strong data-start=\"1499\" data-end=\"1541\">accidents et maladies professionnelles<\/strong>.<\/p>\n<\/li>\n<li data-start=\"1545\" data-end=\"1619\">\n<p data-start=\"1547\" data-end=\"1619\"><strong data-start=\"1547\" data-end=\"1571\">Diminution des co\u00fbts<\/strong> li\u00e9s aux arr\u00eats de travail et indemnisations.<\/p>\n<\/li>\n<li data-start=\"1620\" data-end=\"1684\">\n<p data-start=\"1622\" data-end=\"1684\"><strong data-start=\"1622\" data-end=\"1646\">Meilleure r\u00e9putation<\/strong> et confiance des parties prenantes.<\/p>\n<\/li>\n<li data-start=\"1685\" data-end=\"1735\">\n<p data-start=\"1687\" data-end=\"1735\">Motivation et implication accrue du personnel.<\/p>\n<\/li>\n<li data-start=\"1736\" data-end=\"1774\">\n<p data-start=\"1738\" data-end=\"1774\">Avantage comp\u00e9titif sur le march\u00e9.<\/p>\n<\/li>\n<\/ul>\n<hr data-start=\"1776\" data-end=\"1779\" \/>\n<h2 data-start=\"1781\" data-end=\"1848\">\ud83d\udd04 <strong data-start=\"1787\" data-end=\"1848\">Cycle PDCA (Plan \u2013 Do \u2013 Check \u2013 Act) appliqu\u00e9 \u00e0 ISO 45001<\/strong><\/h2>\n<ul data-start=\"1849\" data-end=\"2117\">\n<li data-start=\"1849\" data-end=\"1931\">\n<p data-start=\"1851\" data-end=\"1931\"><strong data-start=\"1851\" data-end=\"1864\">Planifier<\/strong> : Identifier les risques et planifier les actions de pr\u00e9vention.<\/p>\n<\/li>\n<li data-start=\"1932\" data-end=\"1988\">\n<p data-start=\"1934\" data-end=\"1988\"><strong data-start=\"1934\" data-end=\"1943\">Faire<\/strong> : Mettre en \u0153uvre les mesures de s\u00e9curit\u00e9.<\/p>\n<\/li>\n<li data-start=\"1989\" data-end=\"2064\">\n<p data-start=\"1991\" data-end=\"2064\"><strong data-start=\"1991\" data-end=\"2003\">V\u00e9rifier<\/strong> : Suivre les performances et r\u00e9aliser des audits internes.<\/p>\n<\/li>\n<li data-start=\"2065\" data-end=\"2117\">\n<p data-start=\"2067\" data-end=\"2117\"><strong data-start=\"2067\" data-end=\"2075\">Agir<\/strong> : Am\u00e9liorer continuellement le syst\u00e8me.<\/p>\n<\/li>\n<\/ul>\n<hr data-start=\"2119\" data-end=\"2122\" \/>\n<h2 data-start=\"2124\" data-end=\"2161\">\ud83d\udccc <strong data-start=\"2130\" data-end=\"2161\">Diff\u00e9rence avec OHSAS 18001<\/strong><\/h2>\n<ul data-start=\"2162\" data-end=\"2382\">\n<li data-start=\"2162\" data-end=\"2208\">\n<p data-start=\"2164\" data-end=\"2208\">Approche plus <strong data-start=\"2178\" data-end=\"2205\">strat\u00e9gique et int\u00e9gr\u00e9e<\/strong>.<\/p>\n<\/li>\n<li data-start=\"2209\" data-end=\"2255\">\n<p data-start=\"2211\" data-end=\"2255\">Participation active des <strong data-start=\"2236\" data-end=\"2252\">travailleurs<\/strong>.<\/p>\n<\/li>\n<li data-start=\"2256\" data-end=\"2317\">\n<p data-start=\"2258\" data-end=\"2317\">Prise en compte des <strong data-start=\"2278\" data-end=\"2294\">opportunit\u00e9s<\/strong> en plus des risques.<\/p>\n<\/li>\n<li data-start=\"2318\" data-end=\"2382\">\n<p data-start=\"2320\" data-end=\"2382\">Alignement sur la structure HLS (ISO 9001, ISO 14001, etc.).<\/p>\n<\/li>\n<\/ul>\n<hr data-start=\"2384\" data-end=\"2387\" \/>\n<h2 data-start=\"2389\" data-end=\"2409\">\ud83c\udfc6 <strong data-start=\"2395\" data-end=\"2409\">Conclusion<\/strong><\/h2>\n<p data-start=\"2410\" data-end=\"2639\">ISO 45001:2018 est un outil puissant pour :<br data-start=\"2453\" data-end=\"2456\" \/>\ud83d\udc49 Prot\u00e9ger la sant\u00e9 et la s\u00e9curit\u00e9 des travailleurs.<br data-start=\"2509\" data-end=\"2512\" \/>\ud83d\udc49 Am\u00e9liorer la performance globale de l\u2019organisation.<br data-start=\"2566\" data-end=\"2569\" \/>\ud83d\udc49 Construire une <strong data-start=\"2587\" data-end=\"2628\">culture de pr\u00e9vention et de bien-\u00eatre<\/strong> durable.<\/p>\n","protected":false},"excerpt":{"rendered":"<p>\ud83c\udf0d ISO 45001 v2018 Syst\u00e8me de Management de la Sant\u00e9 et S\u00e9curit\u00e9 au Travail (SMSST) \ud83c\udfaf Objectifs de la norme<\/p>\n","protected":false},"featured_media":1258,"comment_status":"open","ping_status":"closed","template":"","meta":[],"product_brand":[],"product_cat":[68,67],"product_tag":[],"class_list":{"0":"post-1256","1":"product","2":"type-product","3":"status-publish","4":"has-post-thumbnail","6":"product_cat-hygiene-2","7":"product_cat-securite-2","9":"first","10":"instock","11":"downloadable","12":"virtual","13":"sold-individually","14":"purchasable","15":"product-type-simple"},"_links":{"self":[{"href":"https:\/\/intel-co.kawsara-prestige.com\/index.php\/wp-json\/wp\/v2\/product\/1256","targetHints":{"allow":["GET"]}}],"collection":[{"href":"https:\/\/intel-co.kawsara-prestige.com\/index.php\/wp-json\/wp\/v2\/product"}],"about":[{"href":"https:\/\/intel-co.kawsara-prestige.com\/index.php\/wp-json\/wp\/v2\/types\/product"}],"replies":[{"embeddable":true,"href":"https:\/\/intel-co.kawsara-prestige.com\/index.php\/wp-json\/wp\/v2\/comments?post=1256"}],"version-history":[{"count":1,"href":"https:\/\/intel-co.kawsara-prestige.com\/index.php\/wp-json\/wp\/v2\/product\/1256\/revisions"}],"predecessor-version":[{"id":1259,"href":"https:\/\/intel-co.kawsara-prestige.com\/index.php\/wp-json\/wp\/v2\/product\/1256\/revisions\/1259"}],"wp:featuredmedia":[{"embeddable":true,"href":"https:\/\/intel-co.kawsara-prestige.com\/index.php\/wp-json\/wp\/v2\/media\/1258"}],"wp:attachment":[{"href":"https:\/\/intel-co.kawsara-prestige.com\/index.php\/wp-json\/wp\/v2\/media?parent=1256"}],"wp:term":[{"taxonomy":"product_brand","embeddable":true,"href":"https:\/\/intel-co.kawsara-prestige.com\/index.php\/wp-json\/wp\/v2\/product_brand?post=1256"},{"taxonomy":"product_cat","embeddable":true,"href":"https:\/\/intel-co.kawsara-prestige.com\/index.php\/wp-json\/wp\/v2\/product_cat?post=1256"},{"taxonomy":"product_tag","embeddable":true,"href":"https:\/\/intel-co.kawsara-prestige.com\/index.php\/wp-json\/wp\/v2\/product_tag?post=1256"}],"curies":[{"name":"wp","href":"https:\/\/api.w.org\/{rel}","templated":true}]}}